{"id":957,"date":"2021-11-29T19:35:16","date_gmt":"2021-11-29T19:35:16","guid":{"rendered":"http:\/\/www.xarcuteriessoler.com\/?post_type=product&#038;p=957"},"modified":"2026-03-12T09:35:23","modified_gmt":"2026-03-12T09:35:23","slug":"mandonguilletes","status":"publish","type":"product","link":"https:\/\/www.xarcuteriessoler.com\/es\/botiga\/arrebossats\/mandonguilletes\/","title":{"rendered":"Mini alb\u00f3ndigas"},"content":{"rendered":"","protected":false},"excerpt":{"rendered":"<p>\u00a1Uno de los favoritos de casa! Mini alb\u00f3ndigas caseras, elaboradas con carne de cerdo de la mejor calidad. Deliciosas por s\u00ed solas, pero tambi\u00e9n ideales para platos tradicionales como alb\u00f3ndigas con sepia, guisantes y patata, o sopa de setas. Disponibles en bandeja peque\u00f1a (30 u.) o grande (66 u.).<\/p>","protected":false},"featured_media":2395,"template":"","meta":[],"product_brand":[],"product_cat":[80,47],"product_tag":[49,51],"class_list":{"0":"post-957","1":"product","2":"type-product","3":"status-publish","4":"has-post-thumbnail","6":"product_cat-arrebossats","7":"product_cat-carn-fresca","8":"product_tag-porta-gluten","9":"product_tag-porta-ou","11":"first","12":"instock","13":"featured","14":"taxable","15":"shipping-taxable","16":"purchasable","17":"product-type-variable"},"aioseo_notices":[],"jetpack_sharing_enabled":true,"_links":{"self":[{"href":"https:\/\/www.xarcuteriessoler.com\/es\/wp-json\/wp\/v2\/product\/957","targetHints":{"allow":["GET"]}}],"collection":[{"href":"https:\/\/www.xarcuteriessoler.com\/es\/wp-json\/wp\/v2\/product"}],"about":[{"href":"https:\/\/www.xarcuteriessoler.com\/es\/wp-json\/wp\/v2\/types\/product"}],"version-history":[{"count":9,"href":"https:\/\/www.xarcuteriessoler.com\/es\/wp-json\/wp\/v2\/product\/957\/revisions"}],"predecessor-version":[{"id":3623,"href":"https:\/\/www.xarcuteriessoler.com\/es\/wp-json\/wp\/v2\/product\/957\/revisions\/3623"}],"wp:featuredmedia":[{"embeddable":true,"href":"https:\/\/www.xarcuteriessoler.com\/es\/wp-json\/wp\/v2\/media\/2395"}],"wp:attachment":[{"href":"https:\/\/www.xarcuteriessoler.com\/es\/wp-json\/wp\/v2\/media?parent=957"}],"wp:term":[{"taxonomy":"product_brand","embeddable":true,"href":"https:\/\/www.xarcuteriessoler.com\/es\/wp-json\/wp\/v2\/product_brand?post=957"},{"taxonomy":"product_cat","embeddable":true,"href":"https:\/\/www.xarcuteriessoler.com\/es\/wp-json\/wp\/v2\/product_cat?post=957"},{"taxonomy":"product_tag","embeddable":true,"href":"https:\/\/www.xarcuteriessoler.com\/es\/wp-json\/wp\/v2\/product_tag?post=957"}],"curies":[{"name":"wp","href":"https:\/\/api.w.org\/{rel}","templated":true}]}}