{"id":921,"date":"2021-11-29T17:47:22","date_gmt":"2021-11-29T17:47:22","guid":{"rendered":"http:\/\/www.xarcuteriessoler.com\/?post_type=product&#038;p=921"},"modified":"2026-02-12T19:06:21","modified_gmt":"2026-02-12T19:06:21","slug":"canelons-de-carn","status":"publish","type":"product","link":"https:\/\/www.xarcuteriessoler.com\/es\/botiga\/precuinats\/canelons-de-carn\/","title":{"rendered":"Canelones de carne"},"content":{"rendered":"<p>Los canelones se elaboran normalmente los mi\u00e9rcoles, a excepci\u00f3n de semanas con festivos o fiestas de Navidad. Por tanto, los pedidos para enviar que contengan canelones se preparar\u00e1n el mi\u00e9rcoles tarde o jueves, o se enviar\u00e1n congelados (eleccion del cliente). Si el pedido es por recoger, de lunes a mi\u00e9rcoles ser\u00e1n congelados.<\/p>","protected":false},"excerpt":{"rendered":"<p>Uno de los productos estrella de la casa. Canelones de carne elaborados de forma tradicional, con bechamel y queso rallado. Unos minutos al horno y listos para servir! Buen\u00edsimos!<\/p>\n<p>Tambi\u00e9n los hacemos sin gluten y\/o sin lactosa por encargo (pedido m\u00ednimo de 40 unidades).<\/p>","protected":false},"featured_media":4267,"template":"","meta":[],"product_brand":[],"product_cat":[41],"product_tag":[49,50],"class_list":{"0":"post-921","1":"product","2":"type-product","3":"status-publish","4":"has-post-thumbnail","6":"product_cat-precuinats","7":"product_tag-porta-gluten","8":"product_tag-porta-lactosa","10":"first","11":"instock","12":"featured","13":"taxable","14":"shipping-taxable","15":"purchasable","16":"product-type-variable"},"aioseo_notices":[],"jetpack_sharing_enabled":true,"_links":{"self":[{"href":"https:\/\/www.xarcuteriessoler.com\/es\/wp-json\/wp\/v2\/product\/921","targetHints":{"allow":["GET"]}}],"collection":[{"href":"https:\/\/www.xarcuteriessoler.com\/es\/wp-json\/wp\/v2\/product"}],"about":[{"href":"https:\/\/www.xarcuteriessoler.com\/es\/wp-json\/wp\/v2\/types\/product"}],"version-history":[{"count":20,"href":"https:\/\/www.xarcuteriessoler.com\/es\/wp-json\/wp\/v2\/product\/921\/revisions"}],"predecessor-version":[{"id":5042,"href":"https:\/\/www.xarcuteriessoler.com\/es\/wp-json\/wp\/v2\/product\/921\/revisions\/5042"}],"wp:featuredmedia":[{"embeddable":true,"href":"https:\/\/www.xarcuteriessoler.com\/es\/wp-json\/wp\/v2\/media\/4267"}],"wp:attachment":[{"href":"https:\/\/www.xarcuteriessoler.com\/es\/wp-json\/wp\/v2\/media?parent=921"}],"wp:term":[{"taxonomy":"product_brand","embeddable":true,"href":"https:\/\/www.xarcuteriessoler.com\/es\/wp-json\/wp\/v2\/product_brand?post=921"},{"taxonomy":"product_cat","embeddable":true,"href":"https:\/\/www.xarcuteriessoler.com\/es\/wp-json\/wp\/v2\/product_cat?post=921"},{"taxonomy":"product_tag","embeddable":true,"href":"https:\/\/www.xarcuteriessoler.com\/es\/wp-json\/wp\/v2\/product_tag?post=921"}],"curies":[{"name":"wp","href":"https:\/\/api.w.org\/{rel}","templated":true}]}}