{"id":3693,"date":"2024-01-23T19:20:31","date_gmt":"2024-01-23T19:20:31","guid":{"rendered":"https:\/\/www.xarcuteriessoler.com\/?post_type=product&#038;p=3693"},"modified":"2025-11-17T16:21:15","modified_gmt":"2025-11-17T16:21:15","slug":"formatge-caprillice-oreado-de-cabra-350g","status":"publish","type":"product","link":"https:\/\/www.xarcuteriessoler.com\/es\/botiga\/formatges\/formatge-caprillice-oreado-de-cabra-350g\/","title":{"rendered":"Queso \u201cCAPRILLICE\u201c Oreado (350g, cunya)"},"content":{"rendered":"<div class=\"traductor-textarea form-group\">\n<div class=\"textarea-desti col-xs-12 col-sm-6\">\n<div class=\"form-control second-textarea\"><\/div>\n<\/div>\n<\/div>\n<div class=\"traductor-checkbox form-group\">\n<div class=\"row\">\n<div class=\"col-sm-offset-2 col-sm-5\"><\/div>\n<\/div>\n<\/div>","protected":false},"excerpt":{"rendered":"<p>Queso curado de cabra. Su proceso de maduraci\u00f3n es de entre 25 a 30 d\u00edas por eso gusta tanto ya que tiene un bouquet muy especial que gusta mucho a los consumidores.<\/p>\n<p>Tri\u00e1ngulo de 350g (evasat al vac\u00edo por env\u00edos).<\/p>","protected":false},"featured_media":3694,"template":"","meta":[],"product_brand":[],"product_cat":[45],"product_tag":[50],"class_list":{"0":"post-3693","1":"product","2":"type-product","3":"status-publish","4":"has-post-thumbnail","6":"product_cat-formatges","7":"product_tag-porta-lactosa","9":"first","10":"instock","11":"shipping-taxable","12":"purchasable","13":"product-type-simple"},"aioseo_notices":[],"jetpack_sharing_enabled":true,"_links":{"self":[{"href":"https:\/\/www.xarcuteriessoler.com\/es\/wp-json\/wp\/v2\/product\/3693","targetHints":{"allow":["GET"]}}],"collection":[{"href":"https:\/\/www.xarcuteriessoler.com\/es\/wp-json\/wp\/v2\/product"}],"about":[{"href":"https:\/\/www.xarcuteriessoler.com\/es\/wp-json\/wp\/v2\/types\/product"}],"version-history":[{"count":7,"href":"https:\/\/www.xarcuteriessoler.com\/es\/wp-json\/wp\/v2\/product\/3693\/revisions"}],"predecessor-version":[{"id":4887,"href":"https:\/\/www.xarcuteriessoler.com\/es\/wp-json\/wp\/v2\/product\/3693\/revisions\/4887"}],"wp:featuredmedia":[{"embeddable":true,"href":"https:\/\/www.xarcuteriessoler.com\/es\/wp-json\/wp\/v2\/media\/3694"}],"wp:attachment":[{"href":"https:\/\/www.xarcuteriessoler.com\/es\/wp-json\/wp\/v2\/media?parent=3693"}],"wp:term":[{"taxonomy":"product_brand","embeddable":true,"href":"https:\/\/www.xarcuteriessoler.com\/es\/wp-json\/wp\/v2\/product_brand?post=3693"},{"taxonomy":"product_cat","embeddable":true,"href":"https:\/\/www.xarcuteriessoler.com\/es\/wp-json\/wp\/v2\/product_cat?post=3693"},{"taxonomy":"product_tag","embeddable":true,"href":"https:\/\/www.xarcuteriessoler.com\/es\/wp-json\/wp\/v2\/product_tag?post=3693"}],"curies":[{"name":"wp","href":"https:\/\/api.w.org\/{rel}","templated":true}]}}