{"id":2882,"date":"2022-03-01T19:28:11","date_gmt":"2022-03-01T19:28:11","guid":{"rendered":"https:\/\/www.xarcuteriessoler.com\/?post_type=product&#038;p=2882"},"modified":"2025-10-27T19:30:32","modified_gmt":"2025-10-27T19:30:32","slug":"pernil-iberic-cec","status":"publish","type":"product","link":"https:\/\/www.xarcuteriessoler.com\/es\/botiga\/embotit\/pernil-iberic-cec\/","title":{"rendered":"Jam\u00f3n ib\u00e9rico Cebo de Campo 100%, 150g"},"content":{"rendered":"","protected":false},"excerpt":{"rendered":"<p>Jam\u00f3n ib\u00e9rico. Jam\u00f3n Cebo de Campo 100% ib\u00e9rico cortado finamente y presentado en sobre de 150 g envasado al vac\u00edo o sin envasar. Con un sabor intenso y una textura melosa, es ideal para degustar solo, con pan con tomate o en recetas gourmet.<\/p>","protected":false},"featured_media":2396,"template":"","meta":[],"product_brand":[],"product_cat":[43],"product_tag":[],"class_list":{"0":"post-2882","1":"product","2":"type-product","3":"status-publish","4":"has-post-thumbnail","6":"product_cat-embotit","8":"first","9":"instock","10":"taxable","11":"shipping-taxable","12":"purchasable","13":"product-type-variable"},"aioseo_notices":[],"jetpack_sharing_enabled":true,"_links":{"self":[{"href":"https:\/\/www.xarcuteriessoler.com\/es\/wp-json\/wp\/v2\/product\/2882","targetHints":{"allow":["GET"]}}],"collection":[{"href":"https:\/\/www.xarcuteriessoler.com\/es\/wp-json\/wp\/v2\/product"}],"about":[{"href":"https:\/\/www.xarcuteriessoler.com\/es\/wp-json\/wp\/v2\/types\/product"}],"version-history":[{"count":9,"href":"https:\/\/www.xarcuteriessoler.com\/es\/wp-json\/wp\/v2\/product\/2882\/revisions"}],"predecessor-version":[{"id":4678,"href":"https:\/\/www.xarcuteriessoler.com\/es\/wp-json\/wp\/v2\/product\/2882\/revisions\/4678"}],"wp:featuredmedia":[{"embeddable":true,"href":"https:\/\/www.xarcuteriessoler.com\/es\/wp-json\/wp\/v2\/media\/2396"}],"wp:attachment":[{"href":"https:\/\/www.xarcuteriessoler.com\/es\/wp-json\/wp\/v2\/media?parent=2882"}],"wp:term":[{"taxonomy":"product_brand","embeddable":true,"href":"https:\/\/www.xarcuteriessoler.com\/es\/wp-json\/wp\/v2\/product_brand?post=2882"},{"taxonomy":"product_cat","embeddable":true,"href":"https:\/\/www.xarcuteriessoler.com\/es\/wp-json\/wp\/v2\/product_cat?post=2882"},{"taxonomy":"product_tag","embeddable":true,"href":"https:\/\/www.xarcuteriessoler.com\/es\/wp-json\/wp\/v2\/product_tag?post=2882"}],"curies":[{"name":"wp","href":"https:\/\/api.w.org\/{rel}","templated":true}]}}