{"id":2652,"date":"2022-02-19T12:59:58","date_gmt":"2022-02-19T12:59:58","guid":{"rendered":"https:\/\/www.xarcuteriessoler.com\/?post_type=product&#038;p=2652"},"modified":"2026-02-11T22:51:37","modified_gmt":"2026-02-11T22:51:37","slug":"llom-florejat-ral-talls-cop","status":"publish","type":"product","link":"https:\/\/www.xarcuteriessoler.com\/es\/botiga\/carn-fresca\/llom-florejat-ral-talls-cop\/","title":{"rendered":"Lomo de cerdo (veteado)"},"content":{"rendered":"","protected":false},"excerpt":{"rendered":"<p>El lomo de cerdo es uno de los cortes m\u00e1s saludables de la carne de cerdo, as\u00ed como una de sus partes m\u00e1s tiernas. El lomo de cerdo tiene una textura y un sabor diferenciales que, junto con su rico contenido en nutrientes (prote\u00ednas, hierro, vitamina B12, etc.) y su baja proporci\u00f3n de grasas, calor\u00edas y colesterol, lo convierten en un alimento de gran calidad nutricional.<\/p>\n<p>Presentaci\u00f3n: filetes de 50g aprox.<\/p>\n<p>&nbsp;<\/p>","protected":false},"featured_media":2393,"template":"","meta":[],"product_brand":[],"product_cat":[47],"product_tag":[],"class_list":{"0":"post-2652","1":"product","2":"type-product","3":"status-publish","4":"has-post-thumbnail","6":"product_cat-carn-fresca","8":"first","9":"instock","10":"taxable","11":"shipping-taxable","12":"purchasable","13":"product-type-variable"},"aioseo_notices":[],"jetpack_sharing_enabled":true,"_links":{"self":[{"href":"https:\/\/www.xarcuteriessoler.com\/es\/wp-json\/wp\/v2\/product\/2652","targetHints":{"allow":["GET"]}}],"collection":[{"href":"https:\/\/www.xarcuteriessoler.com\/es\/wp-json\/wp\/v2\/product"}],"about":[{"href":"https:\/\/www.xarcuteriessoler.com\/es\/wp-json\/wp\/v2\/types\/product"}],"version-history":[{"count":8,"href":"https:\/\/www.xarcuteriessoler.com\/es\/wp-json\/wp\/v2\/product\/2652\/revisions"}],"predecessor-version":[{"id":5039,"href":"https:\/\/www.xarcuteriessoler.com\/es\/wp-json\/wp\/v2\/product\/2652\/revisions\/5039"}],"wp:featuredmedia":[{"embeddable":true,"href":"https:\/\/www.xarcuteriessoler.com\/es\/wp-json\/wp\/v2\/media\/2393"}],"wp:attachment":[{"href":"https:\/\/www.xarcuteriessoler.com\/es\/wp-json\/wp\/v2\/media?parent=2652"}],"wp:term":[{"taxonomy":"product_brand","embeddable":true,"href":"https:\/\/www.xarcuteriessoler.com\/es\/wp-json\/wp\/v2\/product_brand?post=2652"},{"taxonomy":"product_cat","embeddable":true,"href":"https:\/\/www.xarcuteriessoler.com\/es\/wp-json\/wp\/v2\/product_cat?post=2652"},{"taxonomy":"product_tag","embeddable":true,"href":"https:\/\/www.xarcuteriessoler.com\/es\/wp-json\/wp\/v2\/product_tag?post=2652"}],"curies":[{"name":"wp","href":"https:\/\/api.w.org\/{rel}","templated":true}]}}