{"id":2627,"date":"2022-02-19T12:00:00","date_gmt":"2022-02-19T12:00:00","guid":{"rendered":"https:\/\/www.xarcuteriessoler.com\/?post_type=product&#038;p=2627"},"modified":"2025-07-27T12:42:55","modified_gmt":"2025-07-27T12:42:55","slug":"pernil-dolc-sobre","status":"publish","type":"product","link":"https:\/\/www.xarcuteriessoler.com\/es\/botiga\/cuits\/pernil-dolc-sobre\/","title":{"rendered":"Jam\u00f3n dulce, 150g"},"content":{"rendered":"","protected":false},"excerpt":{"rendered":"<p>Nuestro jam\u00f3n dulce, elaborado artesanalmente con carne de cerdo seleccionada de primera calidad. Caracter\u00edstico por su color rosado y un sabor m\u00e1s suave que el de otros jamones. Ideal para bocadillos, ensaladas o platos calientes.<\/p>\n<p>Cada sobre contiene 150 g de jam\u00f3n dulce artesano, envasado al vac\u00edo para preservar todo su sabor y frescura. Para disfrutarlo al m\u00e1ximo, te recomendamos abrir el sobre unos 5 minutos antes de consumirlo. Si prefieres recogerlo en tienda, tambi\u00e9n te ofrecemos la opci\u00f3n tradicional: te lo cortamos al momento y te lo preparamos sin envasar.<\/p>","protected":false},"featured_media":2397,"template":"","meta":[],"product_brand":[],"product_cat":[78,43],"product_tag":[],"class_list":{"0":"post-2627","1":"product","2":"type-product","3":"status-publish","4":"has-post-thumbnail","6":"product_cat-cuits","7":"product_cat-embotit","9":"first","10":"instock","11":"taxable","12":"shipping-taxable","13":"purchasable","14":"product-type-variable"},"aioseo_notices":[],"jetpack_sharing_enabled":true,"_links":{"self":[{"href":"https:\/\/www.xarcuteriessoler.com\/es\/wp-json\/wp\/v2\/product\/2627","targetHints":{"allow":["GET"]}}],"collection":[{"href":"https:\/\/www.xarcuteriessoler.com\/es\/wp-json\/wp\/v2\/product"}],"about":[{"href":"https:\/\/www.xarcuteriessoler.com\/es\/wp-json\/wp\/v2\/types\/product"}],"version-history":[{"count":7,"href":"https:\/\/www.xarcuteriessoler.com\/es\/wp-json\/wp\/v2\/product\/2627\/revisions"}],"predecessor-version":[{"id":4392,"href":"https:\/\/www.xarcuteriessoler.com\/es\/wp-json\/wp\/v2\/product\/2627\/revisions\/4392"}],"wp:featuredmedia":[{"embeddable":true,"href":"https:\/\/www.xarcuteriessoler.com\/es\/wp-json\/wp\/v2\/media\/2397"}],"wp:attachment":[{"href":"https:\/\/www.xarcuteriessoler.com\/es\/wp-json\/wp\/v2\/media?parent=2627"}],"wp:term":[{"taxonomy":"product_brand","embeddable":true,"href":"https:\/\/www.xarcuteriessoler.com\/es\/wp-json\/wp\/v2\/product_brand?post=2627"},{"taxonomy":"product_cat","embeddable":true,"href":"https:\/\/www.xarcuteriessoler.com\/es\/wp-json\/wp\/v2\/product_cat?post=2627"},{"taxonomy":"product_tag","embeddable":true,"href":"https:\/\/www.xarcuteriessoler.com\/es\/wp-json\/wp\/v2\/product_tag?post=2627"}],"curies":[{"name":"wp","href":"https:\/\/api.w.org\/{rel}","templated":true}]}}