{"id":2615,"date":"2022-02-18T18:59:03","date_gmt":"2022-02-18T18:59:03","guid":{"rendered":"https:\/\/www.xarcuteriessoler.com\/?post_type=product&#038;p=2615"},"modified":"2026-02-11T18:16:04","modified_gmt":"2026-02-11T18:16:04","slug":"pitufos","status":"publish","type":"product","link":"https:\/\/www.xarcuteriessoler.com\/es\/botiga\/cuits\/pitufos\/","title":{"rendered":"Pitufos"},"content":{"rendered":"","protected":false},"excerpt":{"rendered":"<p class=\"translation-block\">Los <em>Pitufos<\/em> de Xarcuteries Soler son una explosi\u00f3n de sabor en formato mini. Cada unidad es un mini frankfurt relleno de queso, envuelto en bacon y dise\u00f1ado para hacer salivar a peque\u00f1os y grandes. Perfectos para fiestas, cenas informales o para sorprender con un ambiente diferente. Y s\u00ed, los llamamos pitufos porque son peque\u00f1os, \u00a1pero tienen mucha personalidad!<\/p>\n<p>Pack de 8 unidades, ideal para compartir o aperitivos. Preparaci\u00f3n f\u00e1cil: calentar en la sart\u00e9n o plancha al gusto.<\/p>","protected":false},"featured_media":2617,"template":"","meta":[],"product_brand":[],"product_cat":[78,43],"product_tag":[50,90],"class_list":{"0":"post-2615","1":"product","2":"type-product","3":"status-publish","4":"has-post-thumbnail","6":"product_cat-cuits","7":"product_cat-embotit","8":"product_tag-porta-lactosa","9":"product_tag-mostassa","11":"first","12":"instock","13":"taxable","14":"shipping-taxable","15":"purchasable","16":"product-type-simple"},"aioseo_notices":[],"jetpack_sharing_enabled":true,"_links":{"self":[{"href":"https:\/\/www.xarcuteriessoler.com\/es\/wp-json\/wp\/v2\/product\/2615","targetHints":{"allow":["GET"]}}],"collection":[{"href":"https:\/\/www.xarcuteriessoler.com\/es\/wp-json\/wp\/v2\/product"}],"about":[{"href":"https:\/\/www.xarcuteriessoler.com\/es\/wp-json\/wp\/v2\/types\/product"}],"version-history":[{"count":4,"href":"https:\/\/www.xarcuteriessoler.com\/es\/wp-json\/wp\/v2\/product\/2615\/revisions"}],"predecessor-version":[{"id":4420,"href":"https:\/\/www.xarcuteriessoler.com\/es\/wp-json\/wp\/v2\/product\/2615\/revisions\/4420"}],"wp:featuredmedia":[{"embeddable":true,"href":"https:\/\/www.xarcuteriessoler.com\/es\/wp-json\/wp\/v2\/media\/2617"}],"wp:attachment":[{"href":"https:\/\/www.xarcuteriessoler.com\/es\/wp-json\/wp\/v2\/media?parent=2615"}],"wp:term":[{"taxonomy":"product_brand","embeddable":true,"href":"https:\/\/www.xarcuteriessoler.com\/es\/wp-json\/wp\/v2\/product_brand?post=2615"},{"taxonomy":"product_cat","embeddable":true,"href":"https:\/\/www.xarcuteriessoler.com\/es\/wp-json\/wp\/v2\/product_cat?post=2615"},{"taxonomy":"product_tag","embeddable":true,"href":"https:\/\/www.xarcuteriessoler.com\/es\/wp-json\/wp\/v2\/product_tag?post=2615"}],"curies":[{"name":"wp","href":"https:\/\/api.w.org\/{rel}","templated":true}]}}