{"id":2609,"date":"2022-02-18T18:25:31","date_gmt":"2022-02-18T18:25:31","guid":{"rendered":"https:\/\/www.xarcuteriessoler.com\/?post_type=product&#038;p=2609"},"modified":"2025-11-17T16:28:29","modified_gmt":"2025-11-17T16:28:29","slug":"fuet-peca","status":"publish","type":"product","link":"https:\/\/www.xarcuteriessoler.com\/es\/botiga\/embotit\/fuet-peca\/","title":{"rendered":"Fuet, pieza o sobres"},"content":{"rendered":"","protected":false},"excerpt":{"rendered":"<p>El fuet (o espetec) artes\u00e0 \u00e9s un embotit curat t\u00edpic de la gastronomia catalana, elaborat amb carn magra de porc i esp\u00e8cies naturals. De textura ferma i sabor suau, \u00e9s perfecte per a aperitius, entrepans o taules d\u2019embotits.<\/p>\n<p>Disponible en dos formats segons les teves prefer\u00e8ncies: en pe\u00e7a sencera, ideal per a conservar o tallar al teu gust, o tallat a m\u00e0quina. Tamb\u00e9 disponible tallat i envassat al buit.<\/p>","protected":false},"featured_media":2583,"template":"","meta":[],"product_brand":[],"product_cat":[43],"product_tag":[50],"class_list":{"0":"post-2609","1":"product","2":"type-product","3":"status-publish","4":"has-post-thumbnail","6":"product_cat-embotit","7":"product_tag-porta-lactosa","9":"first","10":"instock","11":"taxable","12":"shipping-taxable","13":"purchasable","14":"product-type-variable"},"aioseo_notices":[],"jetpack_sharing_enabled":true,"_links":{"self":[{"href":"https:\/\/www.xarcuteriessoler.com\/es\/wp-json\/wp\/v2\/product\/2609","targetHints":{"allow":["GET"]}}],"collection":[{"href":"https:\/\/www.xarcuteriessoler.com\/es\/wp-json\/wp\/v2\/product"}],"about":[{"href":"https:\/\/www.xarcuteriessoler.com\/es\/wp-json\/wp\/v2\/types\/product"}],"version-history":[{"count":14,"href":"https:\/\/www.xarcuteriessoler.com\/es\/wp-json\/wp\/v2\/product\/2609\/revisions"}],"predecessor-version":[{"id":4579,"href":"https:\/\/www.xarcuteriessoler.com\/es\/wp-json\/wp\/v2\/product\/2609\/revisions\/4579"}],"wp:featuredmedia":[{"embeddable":true,"href":"https:\/\/www.xarcuteriessoler.com\/es\/wp-json\/wp\/v2\/media\/2583"}],"wp:attachment":[{"href":"https:\/\/www.xarcuteriessoler.com\/es\/wp-json\/wp\/v2\/media?parent=2609"}],"wp:term":[{"taxonomy":"product_brand","embeddable":true,"href":"https:\/\/www.xarcuteriessoler.com\/es\/wp-json\/wp\/v2\/product_brand?post=2609"},{"taxonomy":"product_cat","embeddable":true,"href":"https:\/\/www.xarcuteriessoler.com\/es\/wp-json\/wp\/v2\/product_cat?post=2609"},{"taxonomy":"product_tag","embeddable":true,"href":"https:\/\/www.xarcuteriessoler.com\/es\/wp-json\/wp\/v2\/product_tag?post=2609"}],"curies":[{"name":"wp","href":"https:\/\/api.w.org\/{rel}","templated":true}]}}