{"id":2592,"date":"2022-02-18T17:52:04","date_gmt":"2022-02-18T17:52:04","guid":{"rendered":"https:\/\/www.xarcuteriessoler.com\/?post_type=product&#038;p=2592"},"modified":"2026-02-11T22:48:55","modified_gmt":"2026-02-11T22:48:55","slug":"catalana","status":"publish","type":"product","link":"https:\/\/www.xarcuteriessoler.com\/es\/botiga\/cuits\/catalana\/","title":{"rendered":"Catalana"},"content":{"rendered":"","protected":false},"excerpt":{"rendered":"<p>La <em>catalana artesana<\/em> La catalana artesana de Xarcuteries Soler es un embutido cocido elaborado con carne magra de cerdo y panceta de calidad, que le aportan un sabor suave y una textura melosa. Es especialmente apreciada por los m\u00e1s peque\u00f1os, ya que recuerda al sabor del jam\u00f3n dulce pero con un toque m\u00e1s tradicional.<\/p>\n<p>Si vienes a recogerla en tienda, tambi\u00e9n te ofrecemos la opci\u00f3n de cortarla al momento y prepararla sin envasar. Indica tu preferencia en el apartado de comentarios al finalizar la compra.<\/p>","protected":false},"featured_media":2581,"template":"","meta":[],"product_brand":[],"product_cat":[78,43],"product_tag":[50],"class_list":{"0":"post-2592","1":"product","2":"type-product","3":"status-publish","4":"has-post-thumbnail","6":"product_cat-cuits","7":"product_cat-embotit","8":"product_tag-porta-lactosa","10":"first","11":"instock","12":"taxable","13":"shipping-taxable","14":"purchasable","15":"product-type-variable"},"aioseo_notices":[],"jetpack_sharing_enabled":true,"_links":{"self":[{"href":"https:\/\/www.xarcuteriessoler.com\/es\/wp-json\/wp\/v2\/product\/2592","targetHints":{"allow":["GET"]}}],"collection":[{"href":"https:\/\/www.xarcuteriessoler.com\/es\/wp-json\/wp\/v2\/product"}],"about":[{"href":"https:\/\/www.xarcuteriessoler.com\/es\/wp-json\/wp\/v2\/types\/product"}],"version-history":[{"count":8,"href":"https:\/\/www.xarcuteriessoler.com\/es\/wp-json\/wp\/v2\/product\/2592\/revisions"}],"predecessor-version":[{"id":5032,"href":"https:\/\/www.xarcuteriessoler.com\/es\/wp-json\/wp\/v2\/product\/2592\/revisions\/5032"}],"wp:featuredmedia":[{"embeddable":true,"href":"https:\/\/www.xarcuteriessoler.com\/es\/wp-json\/wp\/v2\/media\/2581"}],"wp:attachment":[{"href":"https:\/\/www.xarcuteriessoler.com\/es\/wp-json\/wp\/v2\/media?parent=2592"}],"wp:term":[{"taxonomy":"product_brand","embeddable":true,"href":"https:\/\/www.xarcuteriessoler.com\/es\/wp-json\/wp\/v2\/product_brand?post=2592"},{"taxonomy":"product_cat","embeddable":true,"href":"https:\/\/www.xarcuteriessoler.com\/es\/wp-json\/wp\/v2\/product_cat?post=2592"},{"taxonomy":"product_tag","embeddable":true,"href":"https:\/\/www.xarcuteriessoler.com\/es\/wp-json\/wp\/v2\/product_tag?post=2592"}],"curies":[{"name":"wp","href":"https:\/\/api.w.org\/{rel}","templated":true}]}}