{"id":2445,"date":"2022-02-12T19:39:09","date_gmt":"2022-02-12T19:39:09","guid":{"rendered":"https:\/\/www.xarcuteriessoler.com\/?post_type=product&#038;p=2445"},"modified":"2025-07-26T19:37:10","modified_gmt":"2025-07-26T19:37:10","slug":"bratwurst-5-unitats","status":"publish","type":"product","link":"https:\/\/www.xarcuteriessoler.com\/es\/botiga\/cuits\/bratwurst-5-unitats\/","title":{"rendered":"Bratwurst, 5 unidades"},"content":{"rendered":"","protected":false},"excerpt":{"rendered":"<p>El Bratwurst \u00e9s la salsitxa alemana tradicional per excel\u00b7l\u00e8ncia, la m\u00e9s cl\u00e0ssica. Es tracta d&#8217;un producte elaborat amb carn de porc de primera qualitat, sal, pebre i esp\u00e8cies naturals. De sabor suau i textura melosa, \u00e9s ideal per a la planxa o la paella. Ja cuit: nom\u00e9s cal escalfar-lo i servir-lo amb mostassa o dins d\u2019un bon entrep\u00e0.<\/p>","protected":false},"featured_media":2385,"template":"","meta":[],"product_brand":[],"product_cat":[78],"product_tag":[50],"class_list":{"0":"post-2445","1":"product","2":"type-product","3":"status-publish","4":"has-post-thumbnail","6":"product_cat-cuits","7":"product_tag-porta-lactosa","9":"first","10":"instock","11":"taxable","12":"shipping-taxable","13":"purchasable","14":"product-type-simple"},"aioseo_notices":[],"jetpack_sharing_enabled":true,"_links":{"self":[{"href":"https:\/\/www.xarcuteriessoler.com\/es\/wp-json\/wp\/v2\/product\/2445","targetHints":{"allow":["GET"]}}],"collection":[{"href":"https:\/\/www.xarcuteriessoler.com\/es\/wp-json\/wp\/v2\/product"}],"about":[{"href":"https:\/\/www.xarcuteriessoler.com\/es\/wp-json\/wp\/v2\/types\/product"}],"version-history":[{"count":3,"href":"https:\/\/www.xarcuteriessoler.com\/es\/wp-json\/wp\/v2\/product\/2445\/revisions"}],"predecessor-version":[{"id":4386,"href":"https:\/\/www.xarcuteriessoler.com\/es\/wp-json\/wp\/v2\/product\/2445\/revisions\/4386"}],"wp:featuredmedia":[{"embeddable":true,"href":"https:\/\/www.xarcuteriessoler.com\/es\/wp-json\/wp\/v2\/media\/2385"}],"wp:attachment":[{"href":"https:\/\/www.xarcuteriessoler.com\/es\/wp-json\/wp\/v2\/media?parent=2445"}],"wp:term":[{"taxonomy":"product_brand","embeddable":true,"href":"https:\/\/www.xarcuteriessoler.com\/es\/wp-json\/wp\/v2\/product_brand?post=2445"},{"taxonomy":"product_cat","embeddable":true,"href":"https:\/\/www.xarcuteriessoler.com\/es\/wp-json\/wp\/v2\/product_cat?post=2445"},{"taxonomy":"product_tag","embeddable":true,"href":"https:\/\/www.xarcuteriessoler.com\/es\/wp-json\/wp\/v2\/product_tag?post=2445"}],"curies":[{"name":"wp","href":"https:\/\/api.w.org\/{rel}","templated":true}]}}