{"id":2319,"date":"2022-02-07T18:16:31","date_gmt":"2022-02-07T18:16:31","guid":{"rendered":"https:\/\/www.xarcuteriessoler.com\/?post_type=product&#038;p=2319"},"modified":"2026-02-11T18:15:35","modified_gmt":"2026-02-11T18:15:35","slug":"frankfurt","status":"publish","type":"product","link":"https:\/\/www.xarcuteriessoler.com\/es\/botiga\/cuits\/frankfurt\/","title":{"rendered":"Frankfurt"},"content":{"rendered":"","protected":false},"excerpt":{"rendered":"<p>Un dels nostres productes estrella. Frankfurt artes\u00e0 de qualitat superior amb un toc fumat irresistible, elaborat artesanalment amb productes de m\u00e0xima qualitat seguint una recepta que ha passat de generaci\u00f3 en generaci\u00f3. Ideal per entrepans, barbacoes o tapes gurmet. Ja cuit, nom\u00e9s cal escalfar-lo uns minuts a la paella o a la planxa&#8230; i a gaudir!<\/p>\n<p>Puede contener trazas de gluten.<\/p>","protected":false},"featured_media":2390,"template":"","meta":[],"product_brand":[],"product_cat":[78,43],"product_tag":[50,90],"class_list":{"0":"post-2319","1":"product","2":"type-product","3":"status-publish","4":"has-post-thumbnail","6":"product_cat-cuits","7":"product_cat-embotit","8":"product_tag-porta-lactosa","9":"product_tag-mostassa","11":"first","12":"instock","13":"featured","14":"taxable","15":"shipping-taxable","16":"purchasable","17":"product-type-variable"},"aioseo_notices":[],"jetpack_sharing_enabled":true,"_links":{"self":[{"href":"https:\/\/www.xarcuteriessoler.com\/es\/wp-json\/wp\/v2\/product\/2319","targetHints":{"allow":["GET"]}}],"collection":[{"href":"https:\/\/www.xarcuteriessoler.com\/es\/wp-json\/wp\/v2\/product"}],"about":[{"href":"https:\/\/www.xarcuteriessoler.com\/es\/wp-json\/wp\/v2\/types\/product"}],"version-history":[{"count":10,"href":"https:\/\/www.xarcuteriessoler.com\/es\/wp-json\/wp\/v2\/product\/2319\/revisions"}],"predecessor-version":[{"id":4384,"href":"https:\/\/www.xarcuteriessoler.com\/es\/wp-json\/wp\/v2\/product\/2319\/revisions\/4384"}],"wp:featuredmedia":[{"embeddable":true,"href":"https:\/\/www.xarcuteriessoler.com\/es\/wp-json\/wp\/v2\/media\/2390"}],"wp:attachment":[{"href":"https:\/\/www.xarcuteriessoler.com\/es\/wp-json\/wp\/v2\/media?parent=2319"}],"wp:term":[{"taxonomy":"product_brand","embeddable":true,"href":"https:\/\/www.xarcuteriessoler.com\/es\/wp-json\/wp\/v2\/product_brand?post=2319"},{"taxonomy":"product_cat","embeddable":true,"href":"https:\/\/www.xarcuteriessoler.com\/es\/wp-json\/wp\/v2\/product_cat?post=2319"},{"taxonomy":"product_tag","embeddable":true,"href":"https:\/\/www.xarcuteriessoler.com\/es\/wp-json\/wp\/v2\/product_tag?post=2319"}],"curies":[{"name":"wp","href":"https:\/\/api.w.org\/{rel}","templated":true}]}}