{"id":2292,"date":"2022-02-07T16:44:02","date_gmt":"2022-02-07T16:44:02","guid":{"rendered":"http:\/\/www.xarcuteriessoler.com\/?post_type=product&#038;p=2292"},"modified":"2026-02-11T22:41:53","modified_gmt":"2026-02-11T22:41:53","slug":"croquetes-de-pernil","status":"publish","type":"product","link":"https:\/\/www.xarcuteriessoler.com\/es\/botiga\/arrebossats\/croquetes-de-pernil\/","title":{"rendered":"Croquetes de pernil"},"content":{"rendered":"","protected":false},"excerpt":{"rendered":"<p><span data-contrast=\"none\">Les croquetes de pernil s\u00f3n tot un cl\u00e0ssic de la nostra gastronomia. Elaborades amb beixamel suau i pernil seleccionat, s\u00f3n ideals com a aperitiu, tapa o per acompanyar plats tradicionals. C<\/span><span data-contrast=\"none\">ruixents per fora i tendres per dins. <\/span><\/p>\n<p><span data-contrast=\"none\">P<\/span>resentaci\u00f3 en plates d&#8217;unes 14-16 unitats (425g).<\/p>","protected":false},"featured_media":3020,"template":"","meta":[],"product_brand":[],"product_cat":[80],"product_tag":[49,50],"class_list":{"0":"post-2292","1":"product","2":"type-product","3":"status-publish","4":"has-post-thumbnail","6":"product_cat-arrebossats","7":"product_tag-porta-gluten","8":"product_tag-porta-lactosa","10":"first","11":"instock","12":"featured","13":"taxable","14":"shipping-taxable","15":"purchasable","16":"product-type-simple"},"aioseo_notices":[],"jetpack_sharing_enabled":true,"_links":{"self":[{"href":"https:\/\/www.xarcuteriessoler.com\/es\/wp-json\/wp\/v2\/product\/2292","targetHints":{"allow":["GET"]}}],"collection":[{"href":"https:\/\/www.xarcuteriessoler.com\/es\/wp-json\/wp\/v2\/product"}],"about":[{"href":"https:\/\/www.xarcuteriessoler.com\/es\/wp-json\/wp\/v2\/types\/product"}],"version-history":[{"count":9,"href":"https:\/\/www.xarcuteriessoler.com\/es\/wp-json\/wp\/v2\/product\/2292\/revisions"}],"predecessor-version":[{"id":5020,"href":"https:\/\/www.xarcuteriessoler.com\/es\/wp-json\/wp\/v2\/product\/2292\/revisions\/5020"}],"wp:featuredmedia":[{"embeddable":true,"href":"https:\/\/www.xarcuteriessoler.com\/es\/wp-json\/wp\/v2\/media\/3020"}],"wp:attachment":[{"href":"https:\/\/www.xarcuteriessoler.com\/es\/wp-json\/wp\/v2\/media?parent=2292"}],"wp:term":[{"taxonomy":"product_brand","embeddable":true,"href":"https:\/\/www.xarcuteriessoler.com\/es\/wp-json\/wp\/v2\/product_brand?post=2292"},{"taxonomy":"product_cat","embeddable":true,"href":"https:\/\/www.xarcuteriessoler.com\/es\/wp-json\/wp\/v2\/product_cat?post=2292"},{"taxonomy":"product_tag","embeddable":true,"href":"https:\/\/www.xarcuteriessoler.com\/es\/wp-json\/wp\/v2\/product_tag?post=2292"}],"curies":[{"name":"wp","href":"https:\/\/api.w.org\/{rel}","templated":true}]}}