{"id":2289,"date":"2022-02-07T16:22:40","date_gmt":"2022-02-07T16:22:40","guid":{"rendered":"http:\/\/www.xarcuteriessoler.com\/?post_type=product&#038;p=2289"},"modified":"2026-02-20T20:00:20","modified_gmt":"2026-02-20T20:00:20","slug":"caldo-natural","status":"publish","type":"product","link":"https:\/\/www.xarcuteriessoler.com\/es\/botiga\/altres\/caldo-natural\/","title":{"rendered":"Caldo natural (1 Litre)"},"content":{"rendered":"","protected":false},"excerpt":{"rendered":"<p>El caldo de casa nostra. Elaborat amb verdures fresques, carn de qualitat i pilotes casolanes feta amb la nostra carn picada, ou, all i julivert. Cuit a foc lent i sense additius. La pasta no hi ve inclosa, aix\u00ed que pots afegir-hi galets, arr\u00f2s o fideus al teu gust. Nom\u00e9s cal escalfar-lo, afegir la pasta i gaudir de l&#8217;escudella!<\/p>\n<p><strong>En cas d&#8217;enviament, s&#8217;envia congelat. A consumir en 3-4 dies.<\/strong><\/p>","protected":false},"featured_media":4257,"template":"","meta":[],"product_brand":[],"product_cat":[27,41],"product_tag":[],"class_list":{"0":"post-2289","1":"product","2":"type-product","3":"status-publish","4":"has-post-thumbnail","6":"product_cat-altres","7":"product_cat-precuinats","9":"first","10":"instock","11":"featured","12":"taxable","13":"shipping-taxable","14":"purchasable","15":"product-type-simple"},"aioseo_notices":[],"jetpack_sharing_enabled":true,"_links":{"self":[{"href":"https:\/\/www.xarcuteriessoler.com\/es\/wp-json\/wp\/v2\/product\/2289","targetHints":{"allow":["GET"]}}],"collection":[{"href":"https:\/\/www.xarcuteriessoler.com\/es\/wp-json\/wp\/v2\/product"}],"about":[{"href":"https:\/\/www.xarcuteriessoler.com\/es\/wp-json\/wp\/v2\/types\/product"}],"version-history":[{"count":6,"href":"https:\/\/www.xarcuteriessoler.com\/es\/wp-json\/wp\/v2\/product\/2289\/revisions"}],"predecessor-version":[{"id":3709,"href":"https:\/\/www.xarcuteriessoler.com\/es\/wp-json\/wp\/v2\/product\/2289\/revisions\/3709"}],"wp:featuredmedia":[{"embeddable":true,"href":"https:\/\/www.xarcuteriessoler.com\/es\/wp-json\/wp\/v2\/media\/4257"}],"wp:attachment":[{"href":"https:\/\/www.xarcuteriessoler.com\/es\/wp-json\/wp\/v2\/media?parent=2289"}],"wp:term":[{"taxonomy":"product_brand","embeddable":true,"href":"https:\/\/www.xarcuteriessoler.com\/es\/wp-json\/wp\/v2\/product_brand?post=2289"},{"taxonomy":"product_cat","embeddable":true,"href":"https:\/\/www.xarcuteriessoler.com\/es\/wp-json\/wp\/v2\/product_cat?post=2289"},{"taxonomy":"product_tag","embeddable":true,"href":"https:\/\/www.xarcuteriessoler.com\/es\/wp-json\/wp\/v2\/product_tag?post=2289"}],"curies":[{"name":"wp","href":"https:\/\/api.w.org\/{rel}","templated":true}]}}