{"id":2272,"date":"2022-02-04T16:31:52","date_gmt":"2022-02-04T16:31:52","guid":{"rendered":"https:\/\/www.xarcuteriessoler.com\/?post_type=product&#038;p=2272"},"modified":"2025-11-17T16:11:22","modified_gmt":"2025-11-17T16:11:22","slug":"macarrons","status":"publish","type":"product","link":"https:\/\/www.xarcuteriessoler.com\/es\/botiga\/precuinats\/macarrons\/","title":{"rendered":"Macarrones con carne picada"},"content":{"rendered":"","protected":false},"excerpt":{"rendered":"<p>Uns macarrons irresistibles, cuinats amb la nostra carn picada i salsa de tom\u00e0quet suau. Inclou una bosseta del nostre formatge ratllat per posar al moment de menjar. Un plat casol\u00e0, sabor\u00f3s i equilibrat, que fa les del\u00edcies dels nens i desperta records als adults. Llestos per escalfar i gaudir en fam\u00edlia!<\/p>\n<p>Disponible en dues mides: plata petita (250g) i gran (500g). Tamb\u00e9 en fem per enc\u00e0rrec.<\/p>","protected":false},"featured_media":2269,"template":"","meta":[],"product_brand":[],"product_cat":[41],"product_tag":[],"class_list":{"0":"post-2272","1":"product","2":"type-product","3":"status-publish","4":"has-post-thumbnail","6":"product_cat-precuinats","8":"first","9":"instock","10":"taxable","11":"shipping-taxable","12":"purchasable","13":"product-type-variable"},"aioseo_notices":[],"jetpack_sharing_enabled":true,"_links":{"self":[{"href":"https:\/\/www.xarcuteriessoler.com\/es\/wp-json\/wp\/v2\/product\/2272","targetHints":{"allow":["GET"]}}],"collection":[{"href":"https:\/\/www.xarcuteriessoler.com\/es\/wp-json\/wp\/v2\/product"}],"about":[{"href":"https:\/\/www.xarcuteriessoler.com\/es\/wp-json\/wp\/v2\/types\/product"}],"version-history":[{"count":5,"href":"https:\/\/www.xarcuteriessoler.com\/es\/wp-json\/wp\/v2\/product\/2272\/revisions"}],"predecessor-version":[{"id":4379,"href":"https:\/\/www.xarcuteriessoler.com\/es\/wp-json\/wp\/v2\/product\/2272\/revisions\/4379"}],"wp:featuredmedia":[{"embeddable":true,"href":"https:\/\/www.xarcuteriessoler.com\/es\/wp-json\/wp\/v2\/media\/2269"}],"wp:attachment":[{"href":"https:\/\/www.xarcuteriessoler.com\/es\/wp-json\/wp\/v2\/media?parent=2272"}],"wp:term":[{"taxonomy":"product_brand","embeddable":true,"href":"https:\/\/www.xarcuteriessoler.com\/es\/wp-json\/wp\/v2\/product_brand?post=2272"},{"taxonomy":"product_cat","embeddable":true,"href":"https:\/\/www.xarcuteriessoler.com\/es\/wp-json\/wp\/v2\/product_cat?post=2272"},{"taxonomy":"product_tag","embeddable":true,"href":"https:\/\/www.xarcuteriessoler.com\/es\/wp-json\/wp\/v2\/product_tag?post=2272"}],"curies":[{"name":"wp","href":"https:\/\/api.w.org\/{rel}","templated":true}]}}