{"id":495,"date":"2021-12-03T18:14:11","date_gmt":"2021-12-03T18:14:11","guid":{"rendered":"http:\/\/www.xarcuteriessoler.com\/?page_id=495"},"modified":"2025-08-02T16:50:49","modified_gmt":"2025-08-02T16:50:49","slug":"politica-privacitat","status":"publish","type":"page","link":"https:\/\/www.xarcuteriessoler.com\/es\/politica-privacitat\/","title":{"rendered":"Pol\u00edtica de privacidad"},"content":{"rendered":"<div data-elementor-type=\"wp-page\" data-elementor-id=\"495\" class=\"elementor elementor-495\">\n\t\t\t\t\t\t<section class=\"elementor-section elementor-top-section elementor-element elementor-element-3ca081a9 elementor-section-boxed elementor-section-height-default elementor-section-height-default\" data-id=\"3ca081a9\" data-element_type=\"section\" data-e-type=\"section\">\n\t\t\t\t\t\t<div class=\"elementor-container elementor-column-gap-default\">\n\t\t\t\t\t<div class=\"elementor-column elementor-col-100 elementor-top-column elementor-element elementor-element-30fb659f\" data-id=\"30fb659f\" data-element_type=\"column\" data-e-type=\"column\">\n\t\t\t<div class=\"elementor-widget-wrap elementor-element-populated\">\n\t\t\t\t\t\t<div class=\"elementor-element elementor-element-4dc694d3 elementor-widget elementor-widget-text-editor\" data-id=\"4dc694d3\" data-element_type=\"widget\" data-e-type=\"widget\" data-widget_type=\"text-editor.default\">\n\t\t\t\t<div class=\"elementor-widget-container\">\n\t\t\t\t\t\t\t\t\t<p>Esta pol\u00edtica de privacidad describe el tratamiento de sus datos personales por parte de XARCUTERIES SOLER, SL recogidos a trav\u00e9s de su p\u00e1gina web.\u00a0<\/p><h6>1. \u00bfQUI\u00c9N ES EL RESPONSABLE DEL TRATAMIENTO DE SUS DATOS?<\/h6><p>XARCUTERIES SOLER, SL<br \/>NIF: B-61928412<br \/>C\/ Era Esquerra 2, local &#8211; 08241 Manresa (Barcelona)<br \/>Tel: 93 872 49 80<br \/>web@xarcuteriessoler.com<\/p><h6>2. \u00bfCON QU\u00c9 FINALIDAD TRATAMOS SUS DATOS PERSONALES?<\/h6><p>Para proporcionar los productos o servicios solicitados, se solicitar\u00e1n ciertos datos personales. Por ejemplo, cuando realice compras, cree una cuenta personal o se ponga en contacto con nuestro Servicio de Atenci\u00f3n al Cliente.\u00a0<\/p><p>Estos datos incluyen:\u00a0<\/p><ul><li>Datos de contacto (nombre, correo electr\u00f3nico, n\u00famero de tel\u00e9fono y direcci\u00f3n de env\u00edo\/facturaci\u00f3n).<\/li><li>Informaci\u00f3n de acceso a la cuenta.<\/li><li>Informaci\u00f3n de pago o targeta de cr\u00e9dito.\u00a0<\/li><\/ul><p>Los campos marcados con un asterisco (*) en los formularios son estrictamente necesarios para poder proporcionar el producto o servicio. El usuario garantiza que los datos personales facilitados a XARCUTERIES SOLER, SL son ciertos y se hace responsable de comunicar cualquier modificaci\u00f3n de los mismos, en su caso. Por otra parte, tambi\u00e9n se podr\u00e1n pedir datos a los usuarios (CV) con el fin de realizar procesos de selecci\u00f3n de personal, entrevistas y otros tr\u00e1mites necesarios para la b\u00fasqueda del mejor candidato posible en un determinado puesto de trabajo.<\/p><h6>3. \u00bfCU\u00c1NTO TIEMPO CONSERVARE SUS DATOS?<\/h6><p>XARCUTERIES SOLER, SL conservar\u00e1 sus datos personales mientras exista una relaci\u00f3n comercial o durante los a\u00f1os necesarios para atender a las obligaciones legales.\u00a0<\/p><h6>4. \u00bfA QU\u00c9 DESTINATARIOS SE COMUNICAR\u00c1N SUS DATOS?<\/h6><p>No se ceder\u00e1n a terceros, salvo obligaci\u00f3n legal.<\/p><h6>5. TRANSFERENCIAS DE DATOS EN PA\u00cdSES TERCEROS<\/h6><p>No est\u00e1n previstas transferencias de datos a terceros pa\u00edses.<\/p><h6>6. \u00bfCU\u00c1LES SON SUS DERECHOS CUANDO NOS FACILITA SUS DATOS?<\/h6><p>Cualquier persona tiene derecho a obtener confirmaci\u00f3n de si en XARCUTERIES SOLER, SL estamos tratando, o no, datos personales que les afecten. Las personas interesadas tienen derecho a acceder a sus datos personales, as\u00ed como solicitar la rectificaci\u00f3n de los datos inexactos o, en su caso, solicitar su supresi\u00f3n cuando, entre otros motivos, los datos ya no sean necesarios para la finalidad de que fueron recogidos. Igualmente tendr\u00e1 derecho a la portabilidad de sus datos. En determinadas circunstancias, los interesados podr\u00e1n solicitar la limitaci\u00f3n del tratamiento de sus datos, \u00fanicamente los conservaremos por el ejercicio o defensa de reclamaciones.<\/p><p>En determinadas circunstancias, y por motivos relacionados con su situaci\u00f3n particular, los interesados podr\u00e1n oponerse al tratamiento de sus datos. En este caso, XARCUTERIES SOLER, SL. dejar\u00e1 de tratar los datos, salvo por leg\u00edtimos motivos imperiosos o el ejercicio o la defensa de posibles reclamaciones.<\/p><p>Podr\u00e1 ejercer materialmente sus derechos de la siguiente forma: dirigi\u00e9ndose a web@xarcuteriessoler.com.<\/p><p>Cuando realice el env\u00edo de comunicaciones comerciales utilizando como base jur\u00eddica el inter\u00e9s leg\u00edtimo del responsable, el interesado podr\u00e1 oponerse al tratamiento de sus datos a tal fin. Si hubiera otorgado su consentimiento por alguna finalidad concreta, tendr\u00e1 derecho a retirar el consentimiento otorgado en cualquier momento, sin que ello afecte a la licitud del tratamiento basado en el consentimiento previo a su retirada. En caso de que se sientan vulnerados sus derechos en lo referente a la protecci\u00f3n de sus datos personales, especialmente cuando no hayan obtenido satisfacci\u00f3n en el ejercicio de sus derechos, pueden presentar una reclamaci\u00f3n ante la Autoridad de Control en materia de Protecci\u00f3n de Datos competente a trav\u00e9s de su sitio web: www.aepd.es.<\/p><h6>7. \u00bfC\u00d3MO HEMOS OBTENIDO SUS DATOS?<\/h6><p>Los datos personales que tratamos en XARCUTERIES SOLER, SL. proceden del propio usuario.\u00a0<\/p><h6>8. COOKIES Y IPs<\/h6><p>El usuario acepta el uso de cookies y seguimiento de IPs. Estos datos nos permiten recabar informaci\u00f3n a efectos estad\u00edsticos como: n\u00ba de visitas, fecha de la primera visita, URLs visitados, etc.\u00a0<\/p><h6>9. ACTUALIZACI\u00d3N DE NUESTRA POL\u00cdTICA DE PRIVACIDAD<\/h6><p>XARCUTERIES  SOLER, SL. se reserva el derecho de modificar la presente pol\u00edtica a fin de adaptarla a futuras novedades reglamentarias o jurisprudenciales, informando previamente a los usuarios de los cambios que se produzcan.<\/p><h6>10. hCAPTCHA<\/h6><p><span style=\"letter-spacing: 0px;\">Aquest lloc web est\u00e0 protegit per hCaptcha per evitar l\u2019\u00fas abusiu i el correu brossa. L\u2019\u00fas de hCaptcha implica l\u2019aplicaci\u00f3 de la <a href=\"https:\/\/www.hcaptcha.com\/privacy\">Pol\u00edtica de Privacitat<\/a> y los <a href=\"https:\/\/www.hcaptcha.com\/terms\">Termes del Servei<\/a> d\u2019Intuition Machines, Inc.<\/span><\/p><p>hCaptcha pot recopilar informaci\u00f3 com l\u2019adre\u00e7a IP, el comportament de navegaci\u00f3 i altres dades t\u00e8cniques amb finalitats de seguretat. Aquest tractament es fa d\u2019acord amb la normativa vigent de protecci\u00f3 de dades.<\/p><p>\u00daltima actualitzaci\u00f3: 02.08.2025<\/p>\t\t\t\t\t\t\t\t<\/div>\n\t\t\t\t<\/div>\n\t\t\t\t\t<\/div>\n\t\t<\/div>\n\t\t\t\t\t<\/div>\n\t\t<\/section>\n\t\t\t\t<\/div>","protected":false},"excerpt":{"rendered":"<p>Aquesta pol\u00edtica de privacitat descriu el tractament de les seves dades personals per part de XARCUTERIES SOLER, SL recollides a trav\u00e9s de la seva p\u00e1gina web.\u00a0<span class=\"excerpt-hellip\"> [\u2026]<\/span><\/p>\n","protected":false},"author":1,"featured_media":0,"parent":0,"menu_order":0,"comment_status":"closed","ping_status":"closed","template":"","meta":{"footnotes":""},"class_list":["post-495","page","type-page","status-publish","hentry"],"aioseo_notices":[],"jetpack_sharing_enabled":true,"_links":{"self":[{"href":"https:\/\/www.xarcuteriessoler.com\/es\/wp-json\/wp\/v2\/pages\/495","targetHints":{"allow":["GET"]}}],"collection":[{"href":"https:\/\/www.xarcuteriessoler.com\/es\/wp-json\/wp\/v2\/pages"}],"about":[{"href":"https:\/\/www.xarcuteriessoler.com\/es\/wp-json\/wp\/v2\/types\/page"}],"author":[{"embeddable":true,"href":"https:\/\/www.xarcuteriessoler.com\/es\/wp-json\/wp\/v2\/users\/1"}],"replies":[{"embeddable":true,"href":"https:\/\/www.xarcuteriessoler.com\/es\/wp-json\/wp\/v2\/comments?post=495"}],"version-history":[{"count":63,"href":"https:\/\/www.xarcuteriessoler.com\/es\/wp-json\/wp\/v2\/pages\/495\/revisions"}],"predecessor-version":[{"id":4523,"href":"https:\/\/www.xarcuteriessoler.com\/es\/wp-json\/wp\/v2\/pages\/495\/revisions\/4523"}],"wp:attachment":[{"href":"https:\/\/www.xarcuteriessoler.com\/es\/wp-json\/wp\/v2\/media?parent=495"}],"curies":[{"name":"wp","href":"https:\/\/api.w.org\/{rel}","templated":true}]}}