{"id":4505,"date":"2025-08-01T20:20:32","date_gmt":"2025-08-01T20:20:32","guid":{"rendered":"https:\/\/www.xarcuteriessoler.com\/?page_id=4505"},"modified":"2025-12-07T17:25:19","modified_gmt":"2025-12-07T17:25:19","slug":"empreses-comercos","status":"publish","type":"page","link":"https:\/\/www.xarcuteriessoler.com\/es\/empreses-comercos\/","title":{"rendered":"Empresas y eventos"},"content":{"rendered":"","protected":false},"excerpt":{"rendered":"<p>Escriu-nos a trav\u00e9s del seg\u00fcent formulari i intentarem respondre&#8217;t en la major brevetat possible. Gr\u00e0cies!<\/p>","protected":false},"author":2,"featured_media":0,"parent":0,"menu_order":0,"comment_status":"closed","ping_status":"closed","template":"","meta":{"footnotes":""},"class_list":["post-4505","page","type-page","status-publish","hentry"],"aioseo_notices":[],"jetpack_sharing_enabled":true,"_links":{"self":[{"href":"https:\/\/www.xarcuteriessoler.com\/es\/wp-json\/wp\/v2\/pages\/4505","targetHints":{"allow":["GET"]}}],"collection":[{"href":"https:\/\/www.xarcuteriessoler.com\/es\/wp-json\/wp\/v2\/pages"}],"about":[{"href":"https:\/\/www.xarcuteriessoler.com\/es\/wp-json\/wp\/v2\/types\/page"}],"author":[{"embeddable":true,"href":"https:\/\/www.xarcuteriessoler.com\/es\/wp-json\/wp\/v2\/users\/2"}],"replies":[{"embeddable":true,"href":"https:\/\/www.xarcuteriessoler.com\/es\/wp-json\/wp\/v2\/comments?post=4505"}],"version-history":[{"count":3,"href":"https:\/\/www.xarcuteriessoler.com\/es\/wp-json\/wp\/v2\/pages\/4505\/revisions"}],"predecessor-version":[{"id":4538,"href":"https:\/\/www.xarcuteriessoler.com\/es\/wp-json\/wp\/v2\/pages\/4505\/revisions\/4538"}],"wp:attachment":[{"href":"https:\/\/www.xarcuteriessoler.com\/es\/wp-json\/wp\/v2\/media?parent=4505"}],"curies":[{"name":"wp","href":"https:\/\/api.w.org\/{rel}","templated":true}]}}